{"id":1650,"date":"2025-10-29T09:19:39","date_gmt":"2025-10-29T09:19:39","guid":{"rendered":"https:\/\/www.mydistrigo.be\/?page_id=1650"},"modified":"2025-11-26T10:38:54","modified_gmt":"2025-11-26T10:38:54","slug":"ons-assortiment","status":"publish","type":"page","link":"https:\/\/www.mydistrigo.be\/nl\/onze-producten\/ons-assortiment\/","title":{"rendered":"Ons assortiment"},"content":{"rendered":"<p>Bougies, distributieriemen, remschijven, \u2026 In de catalogus van DISTRIGO voor garagisten vind je wisselstukken voor alle automerken en wagentypes op \u00e9\u00e9n plek. Altijd aan een scherpe prijs \u00e9n snel geleverd. Zo hoef je nooit meer te zoeken!<\/p>\n","protected":false},"excerpt":{"rendered":"Bougies, distributieriemen, remschijven, \u2026 In de catalogus van DISTRIGO voor garagisten vind je wisselstukken voor alle automerken en wagentypes op \u00e9\u00e9n plek. Altijd aan een scherpe prijs \u00e9n snel geleverd. Zo hoef je nooit meer te zoeken!","protected":false},"author":1,"featured_media":1661,"parent":1675,"menu_order":0,"comment_status":"closed","ping_status":"closed","template":"tpl-assortiments.php","meta":{"_acf_changed":false,"footnotes":""},"class_list":["post-1650","page","type-page","status-publish","has-post-thumbnail","hentry"],"acf":[],"yoast_head":"<!-- This site is optimized with the Yoast SEO plugin v27.4 - https:\/\/yoast.com\/product\/yoast-seo-wordpress\/ -->\n<title>Wisselstukken voor alle automerken en wagentypes<\/title>\n<meta name=\"description\" content=\"Bougies, distributieriemen, remschijven, \u2026 DISTRIGO levert wisselstukken voor alle automerken, enkel voor garagisten en professionele autoherstellers.\" \/>\n<meta name=\"robots\" content=\"index, follow, max-snippet:-1, max-image-preview:large, max-video-preview:-1\" \/>\n<link rel=\"canonical\" href=\"https:\/\/www.mydistrigo.be\/nl\/onze-producten\/ons-assortiment\/\" \/>\n<meta property=\"og:locale\" content=\"nl_NL\" \/>\n<meta property=\"og:type\" content=\"article\" \/>\n<meta property=\"og:title\" content=\"Wisselstukken voor alle automerken en wagentypes\" \/>\n<meta property=\"og:description\" content=\"Bougies, distributieriemen, remschijven, \u2026 DISTRIGO levert wisselstukken voor alle automerken, enkel voor garagisten en professionele autoherstellers.\" \/>\n<meta property=\"og:url\" content=\"https:\/\/www.mydistrigo.be\/nl\/onze-producten\/ons-assortiment\/\" \/>\n<meta property=\"og:site_name\" content=\"MyDistrigo\" \/>\n<meta property=\"article:modified_time\" content=\"2025-11-26T10:38:54+00:00\" \/>\n<meta property=\"og:image\" content=\"https:\/\/www.mydistrigo.be\/wp-content\/uploads\/2025\/11\/Default.jpg\" \/>\n\t<meta property=\"og:image:width\" content=\"1920\" \/>\n\t<meta property=\"og:image:height\" content=\"871\" \/>\n\t<meta property=\"og:image:type\" content=\"image\/jpeg\" \/>\n<meta name=\"twitter:card\" content=\"summary_large_image\" \/>\n<meta name=\"twitter:label1\" content=\"Geschatte leestijd\" \/>\n\t<meta name=\"twitter:data1\" content=\"1 minuut\" \/>\n<script type=\"application\/ld+json\" class=\"yoast-schema-graph\">{\"@context\":\"https:\\\/\\\/schema.org\",\"@graph\":[{\"@type\":\"WebPage\",\"@id\":\"https:\\\/\\\/www.mydistrigo.be\\\/nl\\\/onze-producten\\\/ons-assortiment\\\/\",\"url\":\"https:\\\/\\\/www.mydistrigo.be\\\/nl\\\/onze-producten\\\/ons-assortiment\\\/\",\"name\":\"Wisselstukken voor alle automerken en wagentypes\",\"isPartOf\":{\"@id\":\"https:\\\/\\\/www.mydistrigo.be\\\/nl\\\/#website\"},\"primaryImageOfPage\":{\"@id\":\"https:\\\/\\\/www.mydistrigo.be\\\/nl\\\/onze-producten\\\/ons-assortiment\\\/#primaryimage\"},\"image\":{\"@id\":\"https:\\\/\\\/www.mydistrigo.be\\\/nl\\\/onze-producten\\\/ons-assortiment\\\/#primaryimage\"},\"thumbnailUrl\":\"https:\\\/\\\/www.mydistrigo.be\\\/wp-content\\\/uploads\\\/2025\\\/11\\\/Default.jpg\",\"datePublished\":\"2025-10-29T09:19:39+00:00\",\"dateModified\":\"2025-11-26T10:38:54+00:00\",\"description\":\"Bougies, distributieriemen, remschijven, \u2026 DISTRIGO levert wisselstukken voor alle automerken, enkel voor garagisten en professionele autoherstellers.\",\"breadcrumb\":{\"@id\":\"https:\\\/\\\/www.mydistrigo.be\\\/nl\\\/onze-producten\\\/ons-assortiment\\\/#breadcrumb\"},\"inLanguage\":\"nl-NL\",\"potentialAction\":[{\"@type\":\"ReadAction\",\"target\":[\"https:\\\/\\\/www.mydistrigo.be\\\/nl\\\/onze-producten\\\/ons-assortiment\\\/\"]}]},{\"@type\":\"ImageObject\",\"inLanguage\":\"nl-NL\",\"@id\":\"https:\\\/\\\/www.mydistrigo.be\\\/nl\\\/onze-producten\\\/ons-assortiment\\\/#primaryimage\",\"url\":\"https:\\\/\\\/www.mydistrigo.be\\\/wp-content\\\/uploads\\\/2025\\\/11\\\/Default.jpg\",\"contentUrl\":\"https:\\\/\\\/www.mydistrigo.be\\\/wp-content\\\/uploads\\\/2025\\\/11\\\/Default.jpg\",\"width\":1920,\"height\":871},{\"@type\":\"BreadcrumbList\",\"@id\":\"https:\\\/\\\/www.mydistrigo.be\\\/nl\\\/onze-producten\\\/ons-assortiment\\\/#breadcrumb\",\"itemListElement\":[{\"@type\":\"ListItem\",\"position\":1,\"name\":\"Home\",\"item\":\"https:\\\/\\\/www.mydistrigo.be\\\/nl\\\/\"},{\"@type\":\"ListItem\",\"position\":2,\"name\":\"Onze producten\",\"item\":\"https:\\\/\\\/www.mydistrigo.be\\\/nl\\\/onze-producten\\\/\"},{\"@type\":\"ListItem\",\"position\":3,\"name\":\"Ons assortiment\"}]},{\"@type\":\"WebSite\",\"@id\":\"https:\\\/\\\/www.mydistrigo.be\\\/nl\\\/#website\",\"url\":\"https:\\\/\\\/www.mydistrigo.be\\\/nl\\\/\",\"name\":\"MyDistrigo\",\"description\":\"DISTRIGO biedt u zoveel meer dan wisselstukken. We bieden u dagelijkse ondersteuning en oplossingen op maat om tegemoet te komen aan al uw behoeftes of ze zelfs voor te zijn. We willen van uw doelstellingen ONZE doelstellingen maken, en als ware teamgenoten samenwerken om samen vooruit te gaan in dezelfde richting.\",\"publisher\":{\"@id\":\"https:\\\/\\\/www.mydistrigo.be\\\/nl\\\/#organization\"},\"potentialAction\":[{\"@type\":\"SearchAction\",\"target\":{\"@type\":\"EntryPoint\",\"urlTemplate\":\"https:\\\/\\\/www.mydistrigo.be\\\/nl\\\/?s={search_term_string}\"},\"query-input\":{\"@type\":\"PropertyValueSpecification\",\"valueRequired\":true,\"valueName\":\"search_term_string\"}}],\"inLanguage\":\"nl-NL\"},{\"@type\":\"Organization\",\"@id\":\"https:\\\/\\\/www.mydistrigo.be\\\/nl\\\/#organization\",\"name\":\"PSA- Distrigo\",\"url\":\"https:\\\/\\\/www.mydistrigo.be\\\/nl\\\/\",\"logo\":{\"@type\":\"ImageObject\",\"inLanguage\":\"nl-NL\",\"@id\":\"https:\\\/\\\/www.mydistrigo.be\\\/nl\\\/#\\\/schema\\\/logo\\\/image\\\/\",\"url\":\"https:\\\/\\\/www.mydistrigo.be\\\/wp-content\\\/uploads\\\/2023\\\/06\\\/logo-noir.png\",\"contentUrl\":\"https:\\\/\\\/www.mydistrigo.be\\\/wp-content\\\/uploads\\\/2023\\\/06\\\/logo-noir.png\",\"width\":314,\"height\":90,\"caption\":\"PSA- Distrigo\"},\"image\":{\"@id\":\"https:\\\/\\\/www.mydistrigo.be\\\/nl\\\/#\\\/schema\\\/logo\\\/image\\\/\"},\"sameAs\":[\"https:\\\/\\\/www.linkedin.com\\\/company\\\/distrigo-belux\\\/about\\\/\"]}]}<\/script>\n<!-- \/ Yoast SEO plugin. -->","yoast_head_json":{"title":"Wisselstukken voor alle automerken en wagentypes","description":"Bougies, distributieriemen, remschijven, \u2026 DISTRIGO levert wisselstukken voor alle automerken, enkel voor garagisten en professionele autoherstellers.","robots":{"index":"index","follow":"follow","max-snippet":"max-snippet:-1","max-image-preview":"max-image-preview:large","max-video-preview":"max-video-preview:-1"},"canonical":"https:\/\/www.mydistrigo.be\/nl\/onze-producten\/ons-assortiment\/","og_locale":"nl_NL","og_type":"article","og_title":"Wisselstukken voor alle automerken en wagentypes","og_description":"Bougies, distributieriemen, remschijven, \u2026 DISTRIGO levert wisselstukken voor alle automerken, enkel voor garagisten en professionele autoherstellers.","og_url":"https:\/\/www.mydistrigo.be\/nl\/onze-producten\/ons-assortiment\/","og_site_name":"MyDistrigo","article_modified_time":"2025-11-26T10:38:54+00:00","og_image":[{"width":1920,"height":871,"url":"https:\/\/www.mydistrigo.be\/wp-content\/uploads\/2025\/11\/Default.jpg","type":"image\/jpeg"}],"twitter_card":"summary_large_image","twitter_misc":{"Geschatte leestijd":"1 minuut"},"schema":{"@context":"https:\/\/schema.org","@graph":[{"@type":"WebPage","@id":"https:\/\/www.mydistrigo.be\/nl\/onze-producten\/ons-assortiment\/","url":"https:\/\/www.mydistrigo.be\/nl\/onze-producten\/ons-assortiment\/","name":"Wisselstukken voor alle automerken en wagentypes","isPartOf":{"@id":"https:\/\/www.mydistrigo.be\/nl\/#website"},"primaryImageOfPage":{"@id":"https:\/\/www.mydistrigo.be\/nl\/onze-producten\/ons-assortiment\/#primaryimage"},"image":{"@id":"https:\/\/www.mydistrigo.be\/nl\/onze-producten\/ons-assortiment\/#primaryimage"},"thumbnailUrl":"https:\/\/www.mydistrigo.be\/wp-content\/uploads\/2025\/11\/Default.jpg","datePublished":"2025-10-29T09:19:39+00:00","dateModified":"2025-11-26T10:38:54+00:00","description":"Bougies, distributieriemen, remschijven, \u2026 DISTRIGO levert wisselstukken voor alle automerken, enkel voor garagisten en professionele autoherstellers.","breadcrumb":{"@id":"https:\/\/www.mydistrigo.be\/nl\/onze-producten\/ons-assortiment\/#breadcrumb"},"inLanguage":"nl-NL","potentialAction":[{"@type":"ReadAction","target":["https:\/\/www.mydistrigo.be\/nl\/onze-producten\/ons-assortiment\/"]}]},{"@type":"ImageObject","inLanguage":"nl-NL","@id":"https:\/\/www.mydistrigo.be\/nl\/onze-producten\/ons-assortiment\/#primaryimage","url":"https:\/\/www.mydistrigo.be\/wp-content\/uploads\/2025\/11\/Default.jpg","contentUrl":"https:\/\/www.mydistrigo.be\/wp-content\/uploads\/2025\/11\/Default.jpg","width":1920,"height":871},{"@type":"BreadcrumbList","@id":"https:\/\/www.mydistrigo.be\/nl\/onze-producten\/ons-assortiment\/#breadcrumb","itemListElement":[{"@type":"ListItem","position":1,"name":"Home","item":"https:\/\/www.mydistrigo.be\/nl\/"},{"@type":"ListItem","position":2,"name":"Onze producten","item":"https:\/\/www.mydistrigo.be\/nl\/onze-producten\/"},{"@type":"ListItem","position":3,"name":"Ons assortiment"}]},{"@type":"WebSite","@id":"https:\/\/www.mydistrigo.be\/nl\/#website","url":"https:\/\/www.mydistrigo.be\/nl\/","name":"MyDistrigo","description":"DISTRIGO biedt u zoveel meer dan wisselstukken. We bieden u dagelijkse ondersteuning en oplossingen op maat om tegemoet te komen aan al uw behoeftes of ze zelfs voor te zijn. We willen van uw doelstellingen ONZE doelstellingen maken, en als ware teamgenoten samenwerken om samen vooruit te gaan in dezelfde richting.","publisher":{"@id":"https:\/\/www.mydistrigo.be\/nl\/#organization"},"potentialAction":[{"@type":"SearchAction","target":{"@type":"EntryPoint","urlTemplate":"https:\/\/www.mydistrigo.be\/nl\/?s={search_term_string}"},"query-input":{"@type":"PropertyValueSpecification","valueRequired":true,"valueName":"search_term_string"}}],"inLanguage":"nl-NL"},{"@type":"Organization","@id":"https:\/\/www.mydistrigo.be\/nl\/#organization","name":"PSA- Distrigo","url":"https:\/\/www.mydistrigo.be\/nl\/","logo":{"@type":"ImageObject","inLanguage":"nl-NL","@id":"https:\/\/www.mydistrigo.be\/nl\/#\/schema\/logo\/image\/","url":"https:\/\/www.mydistrigo.be\/wp-content\/uploads\/2023\/06\/logo-noir.png","contentUrl":"https:\/\/www.mydistrigo.be\/wp-content\/uploads\/2023\/06\/logo-noir.png","width":314,"height":90,"caption":"PSA- Distrigo"},"image":{"@id":"https:\/\/www.mydistrigo.be\/nl\/#\/schema\/logo\/image\/"},"sameAs":["https:\/\/www.linkedin.com\/company\/distrigo-belux\/about\/"]}]}},"_links":{"self":[{"href":"https:\/\/www.mydistrigo.be\/nl\/wp-json\/wp\/v2\/pages\/1650","targetHints":{"allow":["GET"]}}],"collection":[{"href":"https:\/\/www.mydistrigo.be\/nl\/wp-json\/wp\/v2\/pages"}],"about":[{"href":"https:\/\/www.mydistrigo.be\/nl\/wp-json\/wp\/v2\/types\/page"}],"author":[{"embeddable":true,"href":"https:\/\/www.mydistrigo.be\/nl\/wp-json\/wp\/v2\/users\/1"}],"replies":[{"embeddable":true,"href":"https:\/\/www.mydistrigo.be\/nl\/wp-json\/wp\/v2\/comments?post=1650"}],"version-history":[{"count":2,"href":"https:\/\/www.mydistrigo.be\/nl\/wp-json\/wp\/v2\/pages\/1650\/revisions"}],"predecessor-version":[{"id":1694,"href":"https:\/\/www.mydistrigo.be\/nl\/wp-json\/wp\/v2\/pages\/1650\/revisions\/1694"}],"up":[{"embeddable":true,"href":"https:\/\/www.mydistrigo.be\/nl\/wp-json\/wp\/v2\/pages\/1675"}],"wp:featuredmedia":[{"embeddable":true,"href":"https:\/\/www.mydistrigo.be\/nl\/wp-json\/wp\/v2\/media\/1661"}],"wp:attachment":[{"href":"https:\/\/www.mydistrigo.be\/nl\/wp-json\/wp\/v2\/media?parent=1650"}],"curies":[{"name":"wp","href":"https:\/\/api.w.org\/{rel}","templated":true}]}}