{"id":909,"date":"2024-10-23T08:54:26","date_gmt":"2024-10-23T08:54:26","guid":{"rendered":"https:\/\/www.mydistrigo.be\/?page_id=909"},"modified":"2024-10-30T13:31:57","modified_gmt":"2024-10-30T13:31:57","slug":"decouvrez-tous-nos-kits-hiver","status":"publish","type":"page","link":"https:\/\/www.mydistrigo.be\/fr\/decouvrez-tous-nos-kits-hiver\/","title":{"rendered":"D\u00e9couvrez tous nos kits hiver"},"content":{"rendered":"<p>Acc\u00e9dez facilement \u00e0 l\u2019ensemble de nos kits hiver disponibles imm\u00e9diatement.<\/p>\n<p>Utilisez les filtres pour trouver rapidement les mod\u00e8les adapt\u00e9s \u00e0 vos besoins.<\/p>\n","protected":false},"excerpt":{"rendered":"Acc\u00e9dez facilement \u00e0 l\u2019ensemble de nos kits hiver disponibles imm\u00e9diatement. Utilisez les filtres pour trouver rapidement les mod\u00e8les adapt\u00e9s \u00e0 vos besoins.","protected":false},"author":1,"featured_media":873,"parent":0,"menu_order":0,"comment_status":"closed","ping_status":"closed","template":"page-default-2.php","meta":{"_acf_changed":false,"footnotes":""},"class_list":["post-909","page","type-page","status-publish","has-post-thumbnail","hentry"],"acf":[],"yoast_head":"<!-- This site is optimized with the Yoast SEO plugin v27.5 - https:\/\/yoast.com\/product\/yoast-seo-wordpress\/ -->\n<title>D\u00e9couvrez tous nos kits hiver - MyDistrigo<\/title>\n<meta name=\"robots\" content=\"index, follow, max-snippet:-1, max-image-preview:large, max-video-preview:-1\" \/>\n<link rel=\"canonical\" href=\"https:\/\/www.mydistrigo.be\/fr\/decouvrez-tous-nos-kits-hiver\/\" \/>\n<meta property=\"og:locale\" content=\"fr_FR\" \/>\n<meta property=\"og:type\" content=\"article\" \/>\n<meta property=\"og:title\" content=\"D\u00e9couvrez tous nos kits hiver - MyDistrigo\" \/>\n<meta property=\"og:description\" content=\"Acc\u00e9dez facilement \u00e0 l\u2019ensemble de nos kits hiver disponibles imm\u00e9diatement. Utilisez les filtres pour trouver rapidement les mod\u00e8les adapt\u00e9s \u00e0 vos besoins.\" \/>\n<meta property=\"og:url\" content=\"https:\/\/www.mydistrigo.be\/fr\/decouvrez-tous-nos-kits-hiver\/\" \/>\n<meta property=\"og:site_name\" content=\"MyDistrigo\" \/>\n<meta property=\"article:modified_time\" content=\"2024-10-30T13:31:57+00:00\" \/>\n<meta property=\"og:image\" content=\"https:\/\/www.mydistrigo.be\/wp-content\/uploads\/2024\/10\/kits.jpg\" \/>\n\t<meta property=\"og:image:width\" content=\"1680\" \/>\n\t<meta property=\"og:image:height\" content=\"494\" \/>\n\t<meta property=\"og:image:type\" content=\"image\/jpeg\" \/>\n<meta name=\"twitter:card\" content=\"summary_large_image\" \/>\n<meta name=\"twitter:label1\" content=\"Dur\u00e9e de lecture estim\u00e9e\" \/>\n\t<meta name=\"twitter:data1\" content=\"1 minute\" \/>\n<script type=\"application\/ld+json\" class=\"yoast-schema-graph\">{\"@context\":\"https:\\\/\\\/schema.org\",\"@graph\":[{\"@type\":\"WebPage\",\"@id\":\"https:\\\/\\\/www.mydistrigo.be\\\/fr\\\/decouvrez-tous-nos-kits-hiver\\\/\",\"url\":\"https:\\\/\\\/www.mydistrigo.be\\\/fr\\\/decouvrez-tous-nos-kits-hiver\\\/\",\"name\":\"D\u00e9couvrez tous nos kits hiver - MyDistrigo\",\"isPartOf\":{\"@id\":\"https:\\\/\\\/www.mydistrigo.be\\\/fr\\\/#website\"},\"primaryImageOfPage\":{\"@id\":\"https:\\\/\\\/www.mydistrigo.be\\\/fr\\\/decouvrez-tous-nos-kits-hiver\\\/#primaryimage\"},\"image\":{\"@id\":\"https:\\\/\\\/www.mydistrigo.be\\\/fr\\\/decouvrez-tous-nos-kits-hiver\\\/#primaryimage\"},\"thumbnailUrl\":\"https:\\\/\\\/www.mydistrigo.be\\\/wp-content\\\/uploads\\\/2024\\\/10\\\/kits.jpg\",\"datePublished\":\"2024-10-23T08:54:26+00:00\",\"dateModified\":\"2024-10-30T13:31:57+00:00\",\"breadcrumb\":{\"@id\":\"https:\\\/\\\/www.mydistrigo.be\\\/fr\\\/decouvrez-tous-nos-kits-hiver\\\/#breadcrumb\"},\"inLanguage\":\"fr-FR\",\"potentialAction\":[{\"@type\":\"ReadAction\",\"target\":[\"https:\\\/\\\/www.mydistrigo.be\\\/fr\\\/decouvrez-tous-nos-kits-hiver\\\/\"]}]},{\"@type\":\"ImageObject\",\"inLanguage\":\"fr-FR\",\"@id\":\"https:\\\/\\\/www.mydistrigo.be\\\/fr\\\/decouvrez-tous-nos-kits-hiver\\\/#primaryimage\",\"url\":\"https:\\\/\\\/www.mydistrigo.be\\\/wp-content\\\/uploads\\\/2024\\\/10\\\/kits.jpg\",\"contentUrl\":\"https:\\\/\\\/www.mydistrigo.be\\\/wp-content\\\/uploads\\\/2024\\\/10\\\/kits.jpg\",\"width\":1680,\"height\":494},{\"@type\":\"BreadcrumbList\",\"@id\":\"https:\\\/\\\/www.mydistrigo.be\\\/fr\\\/decouvrez-tous-nos-kits-hiver\\\/#breadcrumb\",\"itemListElement\":[{\"@type\":\"ListItem\",\"position\":1,\"name\":\"Home\",\"item\":\"https:\\\/\\\/www.mydistrigo.be\\\/fr\\\/\"},{\"@type\":\"ListItem\",\"position\":2,\"name\":\"D\u00e9couvrez tous nos kits hiver\"}]},{\"@type\":\"WebSite\",\"@id\":\"https:\\\/\\\/www.mydistrigo.be\\\/fr\\\/#website\",\"url\":\"https:\\\/\\\/www.mydistrigo.be\\\/fr\\\/\",\"name\":\"MyDistrigo\",\"description\":\"DISTRIGO vous offre bien plus que des pi\u00e8ces de rechange.  Nous vous proposons un soutien quotidien et des solutions sur mesure pour r\u00e9pondre \u00e0 tous vos besoins, voire les anticiper. Nous souhaitons faire de vos objectifs NOS objectifs, et travailler en v\u00e9ritables co\u00e9quipiers pour avancer ensemble, dans la m\u00eame direction\",\"publisher\":{\"@id\":\"https:\\\/\\\/www.mydistrigo.be\\\/fr\\\/#organization\"},\"potentialAction\":[{\"@type\":\"SearchAction\",\"target\":{\"@type\":\"EntryPoint\",\"urlTemplate\":\"https:\\\/\\\/www.mydistrigo.be\\\/fr\\\/?s={search_term_string}\"},\"query-input\":{\"@type\":\"PropertyValueSpecification\",\"valueRequired\":true,\"valueName\":\"search_term_string\"}}],\"inLanguage\":\"fr-FR\"},{\"@type\":\"Organization\",\"@id\":\"https:\\\/\\\/www.mydistrigo.be\\\/fr\\\/#organization\",\"name\":\"PSA- Distrigo\",\"url\":\"https:\\\/\\\/www.mydistrigo.be\\\/fr\\\/\",\"logo\":{\"@type\":\"ImageObject\",\"inLanguage\":\"fr-FR\",\"@id\":\"https:\\\/\\\/www.mydistrigo.be\\\/fr\\\/#\\\/schema\\\/logo\\\/image\\\/\",\"url\":\"https:\\\/\\\/www.mydistrigo.be\\\/wp-content\\\/uploads\\\/2023\\\/06\\\/logo-noir.png\",\"contentUrl\":\"https:\\\/\\\/www.mydistrigo.be\\\/wp-content\\\/uploads\\\/2023\\\/06\\\/logo-noir.png\",\"width\":314,\"height\":90,\"caption\":\"PSA- Distrigo\"},\"image\":{\"@id\":\"https:\\\/\\\/www.mydistrigo.be\\\/fr\\\/#\\\/schema\\\/logo\\\/image\\\/\"},\"sameAs\":[\"https:\\\/\\\/www.linkedin.com\\\/company\\\/distrigo-belux\\\/about\\\/\"]}]}<\/script>\n<!-- \/ Yoast SEO plugin. -->","yoast_head_json":{"title":"D\u00e9couvrez tous nos kits hiver - MyDistrigo","robots":{"index":"index","follow":"follow","max-snippet":"max-snippet:-1","max-image-preview":"max-image-preview:large","max-video-preview":"max-video-preview:-1"},"canonical":"https:\/\/www.mydistrigo.be\/fr\/decouvrez-tous-nos-kits-hiver\/","og_locale":"fr_FR","og_type":"article","og_title":"D\u00e9couvrez tous nos kits hiver - MyDistrigo","og_description":"Acc\u00e9dez facilement \u00e0 l\u2019ensemble de nos kits hiver disponibles imm\u00e9diatement. Utilisez les filtres pour trouver rapidement les mod\u00e8les adapt\u00e9s \u00e0 vos besoins.","og_url":"https:\/\/www.mydistrigo.be\/fr\/decouvrez-tous-nos-kits-hiver\/","og_site_name":"MyDistrigo","article_modified_time":"2024-10-30T13:31:57+00:00","og_image":[{"width":1680,"height":494,"url":"https:\/\/www.mydistrigo.be\/wp-content\/uploads\/2024\/10\/kits.jpg","type":"image\/jpeg"}],"twitter_card":"summary_large_image","twitter_misc":{"Dur\u00e9e de lecture estim\u00e9e":"1 minute"},"schema":{"@context":"https:\/\/schema.org","@graph":[{"@type":"WebPage","@id":"https:\/\/www.mydistrigo.be\/fr\/decouvrez-tous-nos-kits-hiver\/","url":"https:\/\/www.mydistrigo.be\/fr\/decouvrez-tous-nos-kits-hiver\/","name":"D\u00e9couvrez tous nos kits hiver - MyDistrigo","isPartOf":{"@id":"https:\/\/www.mydistrigo.be\/fr\/#website"},"primaryImageOfPage":{"@id":"https:\/\/www.mydistrigo.be\/fr\/decouvrez-tous-nos-kits-hiver\/#primaryimage"},"image":{"@id":"https:\/\/www.mydistrigo.be\/fr\/decouvrez-tous-nos-kits-hiver\/#primaryimage"},"thumbnailUrl":"https:\/\/www.mydistrigo.be\/wp-content\/uploads\/2024\/10\/kits.jpg","datePublished":"2024-10-23T08:54:26+00:00","dateModified":"2024-10-30T13:31:57+00:00","breadcrumb":{"@id":"https:\/\/www.mydistrigo.be\/fr\/decouvrez-tous-nos-kits-hiver\/#breadcrumb"},"inLanguage":"fr-FR","potentialAction":[{"@type":"ReadAction","target":["https:\/\/www.mydistrigo.be\/fr\/decouvrez-tous-nos-kits-hiver\/"]}]},{"@type":"ImageObject","inLanguage":"fr-FR","@id":"https:\/\/www.mydistrigo.be\/fr\/decouvrez-tous-nos-kits-hiver\/#primaryimage","url":"https:\/\/www.mydistrigo.be\/wp-content\/uploads\/2024\/10\/kits.jpg","contentUrl":"https:\/\/www.mydistrigo.be\/wp-content\/uploads\/2024\/10\/kits.jpg","width":1680,"height":494},{"@type":"BreadcrumbList","@id":"https:\/\/www.mydistrigo.be\/fr\/decouvrez-tous-nos-kits-hiver\/#breadcrumb","itemListElement":[{"@type":"ListItem","position":1,"name":"Home","item":"https:\/\/www.mydistrigo.be\/fr\/"},{"@type":"ListItem","position":2,"name":"D\u00e9couvrez tous nos kits hiver"}]},{"@type":"WebSite","@id":"https:\/\/www.mydistrigo.be\/fr\/#website","url":"https:\/\/www.mydistrigo.be\/fr\/","name":"MyDistrigo","description":"DISTRIGO vous offre bien plus que des pi\u00e8ces de rechange.  Nous vous proposons un soutien quotidien et des solutions sur mesure pour r\u00e9pondre \u00e0 tous vos besoins, voire les anticiper. Nous souhaitons faire de vos objectifs NOS objectifs, et travailler en v\u00e9ritables co\u00e9quipiers pour avancer ensemble, dans la m\u00eame direction","publisher":{"@id":"https:\/\/www.mydistrigo.be\/fr\/#organization"},"potentialAction":[{"@type":"SearchAction","target":{"@type":"EntryPoint","urlTemplate":"https:\/\/www.mydistrigo.be\/fr\/?s={search_term_string}"},"query-input":{"@type":"PropertyValueSpecification","valueRequired":true,"valueName":"search_term_string"}}],"inLanguage":"fr-FR"},{"@type":"Organization","@id":"https:\/\/www.mydistrigo.be\/fr\/#organization","name":"PSA- Distrigo","url":"https:\/\/www.mydistrigo.be\/fr\/","logo":{"@type":"ImageObject","inLanguage":"fr-FR","@id":"https:\/\/www.mydistrigo.be\/fr\/#\/schema\/logo\/image\/","url":"https:\/\/www.mydistrigo.be\/wp-content\/uploads\/2023\/06\/logo-noir.png","contentUrl":"https:\/\/www.mydistrigo.be\/wp-content\/uploads\/2023\/06\/logo-noir.png","width":314,"height":90,"caption":"PSA- Distrigo"},"image":{"@id":"https:\/\/www.mydistrigo.be\/fr\/#\/schema\/logo\/image\/"},"sameAs":["https:\/\/www.linkedin.com\/company\/distrigo-belux\/about\/"]}]}},"_links":{"self":[{"href":"https:\/\/www.mydistrigo.be\/fr\/wp-json\/wp\/v2\/pages\/909","targetHints":{"allow":["GET"]}}],"collection":[{"href":"https:\/\/www.mydistrigo.be\/fr\/wp-json\/wp\/v2\/pages"}],"about":[{"href":"https:\/\/www.mydistrigo.be\/fr\/wp-json\/wp\/v2\/types\/page"}],"author":[{"embeddable":true,"href":"https:\/\/www.mydistrigo.be\/fr\/wp-json\/wp\/v2\/users\/1"}],"replies":[{"embeddable":true,"href":"https:\/\/www.mydistrigo.be\/fr\/wp-json\/wp\/v2\/comments?post=909"}],"version-history":[{"count":10,"href":"https:\/\/www.mydistrigo.be\/fr\/wp-json\/wp\/v2\/pages\/909\/revisions"}],"predecessor-version":[{"id":958,"href":"https:\/\/www.mydistrigo.be\/fr\/wp-json\/wp\/v2\/pages\/909\/revisions\/958"}],"wp:featuredmedia":[{"embeddable":true,"href":"https:\/\/www.mydistrigo.be\/fr\/wp-json\/wp\/v2\/media\/873"}],"wp:attachment":[{"href":"https:\/\/www.mydistrigo.be\/fr\/wp-json\/wp\/v2\/media?parent=909"}],"curies":[{"name":"wp","href":"https:\/\/api.w.org\/{rel}","templated":true}]}}