{"id":770,"date":"2024-08-29T09:09:06","date_gmt":"2024-08-29T09:09:06","guid":{"rendered":"https:\/\/www.mydistrigo.be\/?page_id=770"},"modified":"2025-12-24T10:20:16","modified_gmt":"2025-12-24T10:20:16","slug":"kits-hiver","status":"publish","type":"page","link":"https:\/\/www.mydistrigo.be\/fr\/kits-hiver\/","title":{"rendered":"Configurateur kits hiver Stellantis"},"content":{"rendered":"<p><!--a href=\"https:\/\/psa.rrteam-automotive.de\/login.php\" target=\"_blank\"><img decoding=\"async\" src=\"https:\/\/www.mydistrigo.be\/wp-content\/uploads\/2025\/06\/1300_header_promo_fr.png\" width=\"100%\" id=\"bannerheader\"\/><\/a--><\/p>\n<style>\n.post-edit-link{display:none;}<br \/>\n@media (min-width: 1024px) {<br \/>\n h1{<br \/>\n        position: relative;<br \/>\n        top: 270px;<br \/>\n        margin-left: 50px;<br \/>\n        color: #FFFFFF;<br \/>\n        text-transform: uppercase;<br \/>\n        font-size: 3.2em; display:none;<br \/>\n}<br \/>\n#bannerheader{<br \/>\nmargin-top:-70px;<br \/>\n}<\/p>\n<p>}<\/p>\n<\/style>\n<div class=\"ratio ratio-1x1\"><iframe src=\"https:\/\/www.mydistrigo.be\/kitshiver\/fr\" width=\"100%\"><\/iframe><\/div>\n","protected":false},"excerpt":{"rendered":"","protected":false},"author":1,"featured_media":0,"parent":0,"menu_order":0,"comment_status":"closed","ping_status":"closed","template":"","meta":{"_acf_changed":false,"footnotes":""},"class_list":["post-770","page","type-page","status-publish","hentry"],"acf":[],"yoast_head":"<!-- This site is optimized with the Yoast SEO plugin v27.4 - https:\/\/yoast.com\/product\/yoast-seo-wordpress\/ -->\n<title>Kits hiver voiture \u2013 Solutions professionnelles | DISTRIGO<\/title>\n<meta name=\"description\" content=\"Pr\u00e9parez l\u2019hiver avec nos kits : s\u00e9curit\u00e9, visibilit\u00e9 et confort. Commandez vos produits indispensables chez DISTRIGO \u2013 Solutions adapt\u00e9es aux professionnels.\" \/>\n<meta name=\"robots\" content=\"index, follow, max-snippet:-1, max-image-preview:large, max-video-preview:-1\" \/>\n<link rel=\"canonical\" href=\"https:\/\/www.mydistrigo.be\/fr\/kits-hiver\/\" \/>\n<meta property=\"og:locale\" content=\"fr_FR\" \/>\n<meta property=\"og:type\" content=\"article\" \/>\n<meta property=\"og:title\" content=\"Kits hiver voiture \u2013 Solutions professionnelles | DISTRIGO\" \/>\n<meta property=\"og:description\" content=\"Pr\u00e9parez l\u2019hiver avec nos kits : s\u00e9curit\u00e9, visibilit\u00e9 et confort. Commandez vos produits indispensables chez DISTRIGO \u2013 Solutions adapt\u00e9es aux professionnels.\" \/>\n<meta property=\"og:url\" content=\"https:\/\/www.mydistrigo.be\/fr\/kits-hiver\/\" \/>\n<meta property=\"og:site_name\" content=\"MyDistrigo\" \/>\n<meta property=\"article:modified_time\" content=\"2025-12-24T10:20:16+00:00\" \/>\n<meta property=\"og:image\" content=\"https:\/\/www.mydistrigo.be\/wp-content\/uploads\/2025\/06\/1300_header_promo_fr.png\" \/>\n<meta name=\"twitter:card\" content=\"summary_large_image\" \/>\n<script type=\"application\/ld+json\" class=\"yoast-schema-graph\">{\"@context\":\"https:\\\/\\\/schema.org\",\"@graph\":[{\"@type\":\"WebPage\",\"@id\":\"https:\\\/\\\/www.mydistrigo.be\\\/fr\\\/kits-hiver\\\/\",\"url\":\"https:\\\/\\\/www.mydistrigo.be\\\/fr\\\/kits-hiver\\\/\",\"name\":\"Kits hiver voiture \u2013 Solutions professionnelles | DISTRIGO\",\"isPartOf\":{\"@id\":\"https:\\\/\\\/www.mydistrigo.be\\\/fr\\\/#website\"},\"primaryImageOfPage\":{\"@id\":\"https:\\\/\\\/www.mydistrigo.be\\\/fr\\\/kits-hiver\\\/#primaryimage\"},\"image\":{\"@id\":\"https:\\\/\\\/www.mydistrigo.be\\\/fr\\\/kits-hiver\\\/#primaryimage\"},\"thumbnailUrl\":\"https:\\\/\\\/www.mydistrigo.be\\\/wp-content\\\/uploads\\\/2025\\\/06\\\/1300_header_promo_fr.png\",\"datePublished\":\"2024-08-29T09:09:06+00:00\",\"dateModified\":\"2025-12-24T10:20:16+00:00\",\"description\":\"Pr\u00e9parez l\u2019hiver avec nos kits : s\u00e9curit\u00e9, visibilit\u00e9 et confort. Commandez vos produits indispensables chez DISTRIGO \u2013 Solutions adapt\u00e9es aux professionnels.\",\"breadcrumb\":{\"@id\":\"https:\\\/\\\/www.mydistrigo.be\\\/fr\\\/kits-hiver\\\/#breadcrumb\"},\"inLanguage\":\"fr-FR\",\"potentialAction\":[{\"@type\":\"ReadAction\",\"target\":[\"https:\\\/\\\/www.mydistrigo.be\\\/fr\\\/kits-hiver\\\/\"]}]},{\"@type\":\"ImageObject\",\"inLanguage\":\"fr-FR\",\"@id\":\"https:\\\/\\\/www.mydistrigo.be\\\/fr\\\/kits-hiver\\\/#primaryimage\",\"url\":\"https:\\\/\\\/www.mydistrigo.be\\\/wp-content\\\/uploads\\\/2025\\\/06\\\/1300_header_promo_fr.png\",\"contentUrl\":\"https:\\\/\\\/www.mydistrigo.be\\\/wp-content\\\/uploads\\\/2025\\\/06\\\/1300_header_promo_fr.png\"},{\"@type\":\"BreadcrumbList\",\"@id\":\"https:\\\/\\\/www.mydistrigo.be\\\/fr\\\/kits-hiver\\\/#breadcrumb\",\"itemListElement\":[{\"@type\":\"ListItem\",\"position\":1,\"name\":\"Home\",\"item\":\"https:\\\/\\\/www.mydistrigo.be\\\/fr\\\/\"},{\"@type\":\"ListItem\",\"position\":2,\"name\":\"Configurateur kits hiver Stellantis\"}]},{\"@type\":\"WebSite\",\"@id\":\"https:\\\/\\\/www.mydistrigo.be\\\/fr\\\/#website\",\"url\":\"https:\\\/\\\/www.mydistrigo.be\\\/fr\\\/\",\"name\":\"MyDistrigo\",\"description\":\"DISTRIGO vous offre bien plus que des pi\u00e8ces de rechange.  Nous vous proposons un soutien quotidien et des solutions sur mesure pour r\u00e9pondre \u00e0 tous vos besoins, voire les anticiper. Nous souhaitons faire de vos objectifs NOS objectifs, et travailler en v\u00e9ritables co\u00e9quipiers pour avancer ensemble, dans la m\u00eame direction\",\"publisher\":{\"@id\":\"https:\\\/\\\/www.mydistrigo.be\\\/fr\\\/#organization\"},\"potentialAction\":[{\"@type\":\"SearchAction\",\"target\":{\"@type\":\"EntryPoint\",\"urlTemplate\":\"https:\\\/\\\/www.mydistrigo.be\\\/fr\\\/?s={search_term_string}\"},\"query-input\":{\"@type\":\"PropertyValueSpecification\",\"valueRequired\":true,\"valueName\":\"search_term_string\"}}],\"inLanguage\":\"fr-FR\"},{\"@type\":\"Organization\",\"@id\":\"https:\\\/\\\/www.mydistrigo.be\\\/fr\\\/#organization\",\"name\":\"PSA- Distrigo\",\"url\":\"https:\\\/\\\/www.mydistrigo.be\\\/fr\\\/\",\"logo\":{\"@type\":\"ImageObject\",\"inLanguage\":\"fr-FR\",\"@id\":\"https:\\\/\\\/www.mydistrigo.be\\\/fr\\\/#\\\/schema\\\/logo\\\/image\\\/\",\"url\":\"https:\\\/\\\/www.mydistrigo.be\\\/wp-content\\\/uploads\\\/2023\\\/06\\\/logo-noir.png\",\"contentUrl\":\"https:\\\/\\\/www.mydistrigo.be\\\/wp-content\\\/uploads\\\/2023\\\/06\\\/logo-noir.png\",\"width\":314,\"height\":90,\"caption\":\"PSA- Distrigo\"},\"image\":{\"@id\":\"https:\\\/\\\/www.mydistrigo.be\\\/fr\\\/#\\\/schema\\\/logo\\\/image\\\/\"},\"sameAs\":[\"https:\\\/\\\/www.linkedin.com\\\/company\\\/distrigo-belux\\\/about\\\/\"]}]}<\/script>\n<!-- \/ Yoast SEO plugin. -->","yoast_head_json":{"title":"Kits hiver voiture \u2013 Solutions professionnelles | DISTRIGO","description":"Pr\u00e9parez l\u2019hiver avec nos kits : s\u00e9curit\u00e9, visibilit\u00e9 et confort. Commandez vos produits indispensables chez DISTRIGO \u2013 Solutions adapt\u00e9es aux professionnels.","robots":{"index":"index","follow":"follow","max-snippet":"max-snippet:-1","max-image-preview":"max-image-preview:large","max-video-preview":"max-video-preview:-1"},"canonical":"https:\/\/www.mydistrigo.be\/fr\/kits-hiver\/","og_locale":"fr_FR","og_type":"article","og_title":"Kits hiver voiture \u2013 Solutions professionnelles | DISTRIGO","og_description":"Pr\u00e9parez l\u2019hiver avec nos kits : s\u00e9curit\u00e9, visibilit\u00e9 et confort. Commandez vos produits indispensables chez DISTRIGO \u2013 Solutions adapt\u00e9es aux professionnels.","og_url":"https:\/\/www.mydistrigo.be\/fr\/kits-hiver\/","og_site_name":"MyDistrigo","article_modified_time":"2025-12-24T10:20:16+00:00","og_image":[{"url":"https:\/\/www.mydistrigo.be\/wp-content\/uploads\/2025\/06\/1300_header_promo_fr.png","type":"","width":"","height":""}],"twitter_card":"summary_large_image","schema":{"@context":"https:\/\/schema.org","@graph":[{"@type":"WebPage","@id":"https:\/\/www.mydistrigo.be\/fr\/kits-hiver\/","url":"https:\/\/www.mydistrigo.be\/fr\/kits-hiver\/","name":"Kits hiver voiture \u2013 Solutions professionnelles | DISTRIGO","isPartOf":{"@id":"https:\/\/www.mydistrigo.be\/fr\/#website"},"primaryImageOfPage":{"@id":"https:\/\/www.mydistrigo.be\/fr\/kits-hiver\/#primaryimage"},"image":{"@id":"https:\/\/www.mydistrigo.be\/fr\/kits-hiver\/#primaryimage"},"thumbnailUrl":"https:\/\/www.mydistrigo.be\/wp-content\/uploads\/2025\/06\/1300_header_promo_fr.png","datePublished":"2024-08-29T09:09:06+00:00","dateModified":"2025-12-24T10:20:16+00:00","description":"Pr\u00e9parez l\u2019hiver avec nos kits : s\u00e9curit\u00e9, visibilit\u00e9 et confort. Commandez vos produits indispensables chez DISTRIGO \u2013 Solutions adapt\u00e9es aux professionnels.","breadcrumb":{"@id":"https:\/\/www.mydistrigo.be\/fr\/kits-hiver\/#breadcrumb"},"inLanguage":"fr-FR","potentialAction":[{"@type":"ReadAction","target":["https:\/\/www.mydistrigo.be\/fr\/kits-hiver\/"]}]},{"@type":"ImageObject","inLanguage":"fr-FR","@id":"https:\/\/www.mydistrigo.be\/fr\/kits-hiver\/#primaryimage","url":"https:\/\/www.mydistrigo.be\/wp-content\/uploads\/2025\/06\/1300_header_promo_fr.png","contentUrl":"https:\/\/www.mydistrigo.be\/wp-content\/uploads\/2025\/06\/1300_header_promo_fr.png"},{"@type":"BreadcrumbList","@id":"https:\/\/www.mydistrigo.be\/fr\/kits-hiver\/#breadcrumb","itemListElement":[{"@type":"ListItem","position":1,"name":"Home","item":"https:\/\/www.mydistrigo.be\/fr\/"},{"@type":"ListItem","position":2,"name":"Configurateur kits hiver Stellantis"}]},{"@type":"WebSite","@id":"https:\/\/www.mydistrigo.be\/fr\/#website","url":"https:\/\/www.mydistrigo.be\/fr\/","name":"MyDistrigo","description":"DISTRIGO vous offre bien plus que des pi\u00e8ces de rechange.  Nous vous proposons un soutien quotidien et des solutions sur mesure pour r\u00e9pondre \u00e0 tous vos besoins, voire les anticiper. Nous souhaitons faire de vos objectifs NOS objectifs, et travailler en v\u00e9ritables co\u00e9quipiers pour avancer ensemble, dans la m\u00eame direction","publisher":{"@id":"https:\/\/www.mydistrigo.be\/fr\/#organization"},"potentialAction":[{"@type":"SearchAction","target":{"@type":"EntryPoint","urlTemplate":"https:\/\/www.mydistrigo.be\/fr\/?s={search_term_string}"},"query-input":{"@type":"PropertyValueSpecification","valueRequired":true,"valueName":"search_term_string"}}],"inLanguage":"fr-FR"},{"@type":"Organization","@id":"https:\/\/www.mydistrigo.be\/fr\/#organization","name":"PSA- Distrigo","url":"https:\/\/www.mydistrigo.be\/fr\/","logo":{"@type":"ImageObject","inLanguage":"fr-FR","@id":"https:\/\/www.mydistrigo.be\/fr\/#\/schema\/logo\/image\/","url":"https:\/\/www.mydistrigo.be\/wp-content\/uploads\/2023\/06\/logo-noir.png","contentUrl":"https:\/\/www.mydistrigo.be\/wp-content\/uploads\/2023\/06\/logo-noir.png","width":314,"height":90,"caption":"PSA- Distrigo"},"image":{"@id":"https:\/\/www.mydistrigo.be\/fr\/#\/schema\/logo\/image\/"},"sameAs":["https:\/\/www.linkedin.com\/company\/distrigo-belux\/about\/"]}]}},"_links":{"self":[{"href":"https:\/\/www.mydistrigo.be\/fr\/wp-json\/wp\/v2\/pages\/770","targetHints":{"allow":["GET"]}}],"collection":[{"href":"https:\/\/www.mydistrigo.be\/fr\/wp-json\/wp\/v2\/pages"}],"about":[{"href":"https:\/\/www.mydistrigo.be\/fr\/wp-json\/wp\/v2\/types\/page"}],"author":[{"embeddable":true,"href":"https:\/\/www.mydistrigo.be\/fr\/wp-json\/wp\/v2\/users\/1"}],"replies":[{"embeddable":true,"href":"https:\/\/www.mydistrigo.be\/fr\/wp-json\/wp\/v2\/comments?post=770"}],"version-history":[{"count":36,"href":"https:\/\/www.mydistrigo.be\/fr\/wp-json\/wp\/v2\/pages\/770\/revisions"}],"predecessor-version":[{"id":1748,"href":"https:\/\/www.mydistrigo.be\/fr\/wp-json\/wp\/v2\/pages\/770\/revisions\/1748"}],"wp:attachment":[{"href":"https:\/\/www.mydistrigo.be\/fr\/wp-json\/wp\/v2\/media?parent=770"}],"curies":[{"name":"wp","href":"https:\/\/api.w.org\/{rel}","templated":true}]}}