{"id":608,"date":"2024-04-29T20:46:13","date_gmt":"2024-04-29T20:46:13","guid":{"rendered":"https:\/\/www.mydistrigo.be\/?page_id=608"},"modified":"2024-05-07T13:17:11","modified_gmt":"2024-05-07T13:17:11","slug":"mentions-legales","status":"publish","type":"page","link":"https:\/\/www.mydistrigo.be\/fr\/mentions-legales\/","title":{"rendered":"Mentions l\u00e9gales"},"content":{"rendered":"<h3>Propri\u00e9t\u00e9 du site<\/h3>\n<p>[Indiquer le nom de l&rsquo;entreprise, sa forme juridique, son adresse compl\u00e8te et son num\u00e9ro de t\u00e9l\u00e9phone]<\/p>\n<p>&nbsp;<\/p>\n<h3>Directeur de la publication<\/h3>\n<p>[Indiquer le nom du directeur de la publication et \u00e9ventuellement ses coordonn\u00e9es]<\/p>\n<p>&nbsp;<\/p>\n<h3>H\u00e9bergeur du site<\/h3>\n<p>White Whale SRL<br \/>\nRue du Charme 9<br \/>\n1190 Bruxelles<\/p>\n<p>&nbsp;<\/p>\n<h3>Propri\u00e9t\u00e9 intellectuelle<\/h3>\n<p>Ce site internet et son contenu sont prot\u00e9g\u00e9s par les lois sur la propri\u00e9t\u00e9 intellectuelle et les droits d&rsquo;auteur. Toute reproduction ou utilisation non autoris\u00e9e, en tout ou en partie, est strictement interdite.<\/p>\n<h3>\nDonn\u00e9es personnelles<\/h3>\n<p>Les informations collect\u00e9es via ce site internet sont destin\u00e9es \u00e0 [indiquer la finalit\u00e9 de la collecte des donn\u00e9es]. Conform\u00e9ment \u00e0 la loi Informatique et Libert\u00e9s du 6 janvier 1978 modifi\u00e9e, vous disposez d&rsquo;un droit d&rsquo;acc\u00e8s, de rectification et de suppression des donn\u00e9es vous concernant. Pour exercer ce droit, veuillez nous contacter \u00e0 l&rsquo;adresse [indiquer l&rsquo;adresse de contact].<\/p>\n<h3>\nCookies<\/h3>\n<p>Voir notre page d\u00e9di\u00e9e<\/p>\n<p>&nbsp;<\/p>\n<h3>Liens externes<\/h3>\n<p>Ce site peut contenir des liens vers des sites externes. Nous d\u00e9clinons toute responsabilit\u00e9 quant au contenu de ces sites externes.<\/p>\n<p>&nbsp;<\/p>\n<h3>Responsabilit\u00e9<\/h3>\n<p>L&rsquo;\u00e9diteur de ce site ne peut \u00eatre tenu responsable des dommages directs ou indirects r\u00e9sultant de l&rsquo;utilisation de ce site ou des informations qui y sont contenues.<\/p>\n<p>&nbsp;<\/p>\n<h3>Contact<\/h3>\n<p>Pour toute question ou r\u00e9clamation concernant ce site, veuillez nous contacter \u00e0 l&rsquo;adresse suivante : [indiquer l&rsquo;adresse de contact].<\/p>\n","protected":false},"excerpt":{"rendered":"Propri\u00e9t\u00e9 du site [Indiquer le nom de l&rsquo;entreprise, sa forme juridique, son adresse compl\u00e8te et son num\u00e9ro de t\u00e9l\u00e9phone] &nbsp; Directeur de la publication [Indiquer le nom du directeur de la publication et \u00e9ventuellement ses coordonn\u00e9es] &nbsp; H\u00e9bergeur du site White Whale SRL Rue du Charme 9 1190 Bruxelles &nbsp; Propri\u00e9t\u00e9 intellectuelle Ce site internet (&#8230;)","protected":false},"author":2,"featured_media":0,"parent":0,"menu_order":0,"comment_status":"closed","ping_status":"closed","template":"","meta":{"_acf_changed":false,"footnotes":""},"class_list":["post-608","page","type-page","status-publish","hentry"],"acf":[],"yoast_head":"<!-- This site is optimized with the Yoast SEO plugin v27.5 - https:\/\/yoast.com\/product\/yoast-seo-wordpress\/ -->\n<title>Mentions l\u00e9gales - MyDistrigo<\/title>\n<meta name=\"robots\" content=\"index, follow, max-snippet:-1, max-image-preview:large, max-video-preview:-1\" \/>\n<link rel=\"canonical\" href=\"https:\/\/www.mydistrigo.be\/fr\/mentions-legales\/\" \/>\n<meta property=\"og:locale\" content=\"fr_FR\" \/>\n<meta property=\"og:type\" content=\"article\" \/>\n<meta property=\"og:title\" content=\"Mentions l\u00e9gales - MyDistrigo\" \/>\n<meta property=\"og:description\" content=\"Propri\u00e9t\u00e9 du site [Indiquer le nom de l&rsquo;entreprise, sa forme juridique, son adresse compl\u00e8te et son num\u00e9ro de t\u00e9l\u00e9phone] &nbsp; Directeur de la publication [Indiquer le nom du directeur de la publication et \u00e9ventuellement ses coordonn\u00e9es] &nbsp; H\u00e9bergeur du site White Whale SRL Rue du Charme 9 1190 Bruxelles &nbsp; Propri\u00e9t\u00e9 intellectuelle Ce site internet (...)\" \/>\n<meta property=\"og:url\" content=\"https:\/\/www.mydistrigo.be\/fr\/mentions-legales\/\" \/>\n<meta property=\"og:site_name\" content=\"MyDistrigo\" \/>\n<meta property=\"article:modified_time\" content=\"2024-05-07T13:17:11+00:00\" \/>\n<meta name=\"twitter:card\" content=\"summary_large_image\" \/>\n<meta name=\"twitter:label1\" content=\"Dur\u00e9e de lecture estim\u00e9e\" \/>\n\t<meta name=\"twitter:data1\" content=\"2 minutes\" \/>\n<script type=\"application\/ld+json\" class=\"yoast-schema-graph\">{\"@context\":\"https:\\\/\\\/schema.org\",\"@graph\":[{\"@type\":\"WebPage\",\"@id\":\"https:\\\/\\\/www.mydistrigo.be\\\/fr\\\/mentions-legales\\\/\",\"url\":\"https:\\\/\\\/www.mydistrigo.be\\\/fr\\\/mentions-legales\\\/\",\"name\":\"Mentions l\u00e9gales - MyDistrigo\",\"isPartOf\":{\"@id\":\"https:\\\/\\\/www.mydistrigo.be\\\/fr\\\/#website\"},\"datePublished\":\"2024-04-29T20:46:13+00:00\",\"dateModified\":\"2024-05-07T13:17:11+00:00\",\"breadcrumb\":{\"@id\":\"https:\\\/\\\/www.mydistrigo.be\\\/fr\\\/mentions-legales\\\/#breadcrumb\"},\"inLanguage\":\"fr-FR\",\"potentialAction\":[{\"@type\":\"ReadAction\",\"target\":[\"https:\\\/\\\/www.mydistrigo.be\\\/fr\\\/mentions-legales\\\/\"]}]},{\"@type\":\"BreadcrumbList\",\"@id\":\"https:\\\/\\\/www.mydistrigo.be\\\/fr\\\/mentions-legales\\\/#breadcrumb\",\"itemListElement\":[{\"@type\":\"ListItem\",\"position\":1,\"name\":\"Home\",\"item\":\"https:\\\/\\\/www.mydistrigo.be\\\/fr\\\/\"},{\"@type\":\"ListItem\",\"position\":2,\"name\":\"Mentions l\u00e9gales\"}]},{\"@type\":\"WebSite\",\"@id\":\"https:\\\/\\\/www.mydistrigo.be\\\/fr\\\/#website\",\"url\":\"https:\\\/\\\/www.mydistrigo.be\\\/fr\\\/\",\"name\":\"MyDistrigo\",\"description\":\"DISTRIGO vous offre bien plus que des pi\u00e8ces de rechange.  Nous vous proposons un soutien quotidien et des solutions sur mesure pour r\u00e9pondre \u00e0 tous vos besoins, voire les anticiper. Nous souhaitons faire de vos objectifs NOS objectifs, et travailler en v\u00e9ritables co\u00e9quipiers pour avancer ensemble, dans la m\u00eame direction\",\"publisher\":{\"@id\":\"https:\\\/\\\/www.mydistrigo.be\\\/fr\\\/#organization\"},\"potentialAction\":[{\"@type\":\"SearchAction\",\"target\":{\"@type\":\"EntryPoint\",\"urlTemplate\":\"https:\\\/\\\/www.mydistrigo.be\\\/fr\\\/?s={search_term_string}\"},\"query-input\":{\"@type\":\"PropertyValueSpecification\",\"valueRequired\":true,\"valueName\":\"search_term_string\"}}],\"inLanguage\":\"fr-FR\"},{\"@type\":\"Organization\",\"@id\":\"https:\\\/\\\/www.mydistrigo.be\\\/fr\\\/#organization\",\"name\":\"PSA- Distrigo\",\"url\":\"https:\\\/\\\/www.mydistrigo.be\\\/fr\\\/\",\"logo\":{\"@type\":\"ImageObject\",\"inLanguage\":\"fr-FR\",\"@id\":\"https:\\\/\\\/www.mydistrigo.be\\\/fr\\\/#\\\/schema\\\/logo\\\/image\\\/\",\"url\":\"https:\\\/\\\/www.mydistrigo.be\\\/wp-content\\\/uploads\\\/2023\\\/06\\\/logo-noir.png\",\"contentUrl\":\"https:\\\/\\\/www.mydistrigo.be\\\/wp-content\\\/uploads\\\/2023\\\/06\\\/logo-noir.png\",\"width\":314,\"height\":90,\"caption\":\"PSA- Distrigo\"},\"image\":{\"@id\":\"https:\\\/\\\/www.mydistrigo.be\\\/fr\\\/#\\\/schema\\\/logo\\\/image\\\/\"},\"sameAs\":[\"https:\\\/\\\/www.linkedin.com\\\/company\\\/distrigo-belux\\\/about\\\/\"]}]}<\/script>\n<!-- \/ Yoast SEO plugin. -->","yoast_head_json":{"title":"Mentions l\u00e9gales - MyDistrigo","robots":{"index":"index","follow":"follow","max-snippet":"max-snippet:-1","max-image-preview":"max-image-preview:large","max-video-preview":"max-video-preview:-1"},"canonical":"https:\/\/www.mydistrigo.be\/fr\/mentions-legales\/","og_locale":"fr_FR","og_type":"article","og_title":"Mentions l\u00e9gales - MyDistrigo","og_description":"Propri\u00e9t\u00e9 du site [Indiquer le nom de l&rsquo;entreprise, sa forme juridique, son adresse compl\u00e8te et son num\u00e9ro de t\u00e9l\u00e9phone] &nbsp; Directeur de la publication [Indiquer le nom du directeur de la publication et \u00e9ventuellement ses coordonn\u00e9es] &nbsp; H\u00e9bergeur du site White Whale SRL Rue du Charme 9 1190 Bruxelles &nbsp; Propri\u00e9t\u00e9 intellectuelle Ce site internet (...)","og_url":"https:\/\/www.mydistrigo.be\/fr\/mentions-legales\/","og_site_name":"MyDistrigo","article_modified_time":"2024-05-07T13:17:11+00:00","twitter_card":"summary_large_image","twitter_misc":{"Dur\u00e9e de lecture estim\u00e9e":"2 minutes"},"schema":{"@context":"https:\/\/schema.org","@graph":[{"@type":"WebPage","@id":"https:\/\/www.mydistrigo.be\/fr\/mentions-legales\/","url":"https:\/\/www.mydistrigo.be\/fr\/mentions-legales\/","name":"Mentions l\u00e9gales - MyDistrigo","isPartOf":{"@id":"https:\/\/www.mydistrigo.be\/fr\/#website"},"datePublished":"2024-04-29T20:46:13+00:00","dateModified":"2024-05-07T13:17:11+00:00","breadcrumb":{"@id":"https:\/\/www.mydistrigo.be\/fr\/mentions-legales\/#breadcrumb"},"inLanguage":"fr-FR","potentialAction":[{"@type":"ReadAction","target":["https:\/\/www.mydistrigo.be\/fr\/mentions-legales\/"]}]},{"@type":"BreadcrumbList","@id":"https:\/\/www.mydistrigo.be\/fr\/mentions-legales\/#breadcrumb","itemListElement":[{"@type":"ListItem","position":1,"name":"Home","item":"https:\/\/www.mydistrigo.be\/fr\/"},{"@type":"ListItem","position":2,"name":"Mentions l\u00e9gales"}]},{"@type":"WebSite","@id":"https:\/\/www.mydistrigo.be\/fr\/#website","url":"https:\/\/www.mydistrigo.be\/fr\/","name":"MyDistrigo","description":"DISTRIGO vous offre bien plus que des pi\u00e8ces de rechange.  Nous vous proposons un soutien quotidien et des solutions sur mesure pour r\u00e9pondre \u00e0 tous vos besoins, voire les anticiper. Nous souhaitons faire de vos objectifs NOS objectifs, et travailler en v\u00e9ritables co\u00e9quipiers pour avancer ensemble, dans la m\u00eame direction","publisher":{"@id":"https:\/\/www.mydistrigo.be\/fr\/#organization"},"potentialAction":[{"@type":"SearchAction","target":{"@type":"EntryPoint","urlTemplate":"https:\/\/www.mydistrigo.be\/fr\/?s={search_term_string}"},"query-input":{"@type":"PropertyValueSpecification","valueRequired":true,"valueName":"search_term_string"}}],"inLanguage":"fr-FR"},{"@type":"Organization","@id":"https:\/\/www.mydistrigo.be\/fr\/#organization","name":"PSA- Distrigo","url":"https:\/\/www.mydistrigo.be\/fr\/","logo":{"@type":"ImageObject","inLanguage":"fr-FR","@id":"https:\/\/www.mydistrigo.be\/fr\/#\/schema\/logo\/image\/","url":"https:\/\/www.mydistrigo.be\/wp-content\/uploads\/2023\/06\/logo-noir.png","contentUrl":"https:\/\/www.mydistrigo.be\/wp-content\/uploads\/2023\/06\/logo-noir.png","width":314,"height":90,"caption":"PSA- Distrigo"},"image":{"@id":"https:\/\/www.mydistrigo.be\/fr\/#\/schema\/logo\/image\/"},"sameAs":["https:\/\/www.linkedin.com\/company\/distrigo-belux\/about\/"]}]}},"_links":{"self":[{"href":"https:\/\/www.mydistrigo.be\/fr\/wp-json\/wp\/v2\/pages\/608","targetHints":{"allow":["GET"]}}],"collection":[{"href":"https:\/\/www.mydistrigo.be\/fr\/wp-json\/wp\/v2\/pages"}],"about":[{"href":"https:\/\/www.mydistrigo.be\/fr\/wp-json\/wp\/v2\/types\/page"}],"author":[{"embeddable":true,"href":"https:\/\/www.mydistrigo.be\/fr\/wp-json\/wp\/v2\/users\/2"}],"replies":[{"embeddable":true,"href":"https:\/\/www.mydistrigo.be\/fr\/wp-json\/wp\/v2\/comments?post=608"}],"version-history":[{"count":11,"href":"https:\/\/www.mydistrigo.be\/fr\/wp-json\/wp\/v2\/pages\/608\/revisions"}],"predecessor-version":[{"id":611,"href":"https:\/\/www.mydistrigo.be\/fr\/wp-json\/wp\/v2\/pages\/608\/revisions\/611"}],"wp:attachment":[{"href":"https:\/\/www.mydistrigo.be\/fr\/wp-json\/wp\/v2\/media?parent=608"}],"curies":[{"name":"wp","href":"https:\/\/api.w.org\/{rel}","templated":true}]}}