{"id":1585,"date":"2025-10-29T09:19:39","date_gmt":"2025-10-29T09:19:39","guid":{"rendered":"https:\/\/www.mydistrigo.be\/?page_id=1585"},"modified":"2025-11-12T14:24:52","modified_gmt":"2025-11-12T14:24:52","slug":"notre-assortiment","status":"publish","type":"page","link":"https:\/\/www.mydistrigo.be\/fr\/nos-produits\/notre-assortiment\/","title":{"rendered":"Notre assortiment"},"content":{"rendered":"<p>Bougies, courroies de distribution, disques de frein\u2026 Dans le catalogue DISTRIGO destin\u00e9 aux garagistes, vous trouvez toutes les pi\u00e8ces multimarques pour tous types de v\u00e9hicules en un seul endroit. Toujours \u00e0 prix comp\u00e9titif et livr\u00e9es rapidement.<\/p>\n","protected":false},"excerpt":{"rendered":"Bougies, courroies de distribution, disques de frein\u2026 Dans le catalogue DISTRIGO destin\u00e9 aux garagistes, vous trouvez toutes les pi\u00e8ces multimarques pour tous types de v\u00e9hicules en un seul endroit. Toujours \u00e0 prix comp\u00e9titif et livr\u00e9es rapidement.","protected":false},"author":1,"featured_media":1660,"parent":1673,"menu_order":0,"comment_status":"closed","ping_status":"closed","template":"tpl-assortiments.php","meta":{"_acf_changed":false,"footnotes":""},"class_list":["post-1585","page","type-page","status-publish","has-post-thumbnail","hentry"],"acf":[],"yoast_head":"<!-- This site is optimized with the Yoast SEO plugin v27.4 - https:\/\/yoast.com\/product\/yoast-seo-wordpress\/ -->\n<title>Pi\u00e8ces d\u00e9tach\u00e9es multimarques pour tous v\u00e9hicules - MyDistrigo<\/title>\n<meta name=\"description\" content=\"Bougies, courroies de distribution, disques de frein\u2026 DISTRIGO fournit des pi\u00e8ces d\u00e9tach\u00e9es toutes marques pour garagistes et r\u00e9parateurs professionnels.\" \/>\n<meta name=\"robots\" content=\"index, follow, max-snippet:-1, max-image-preview:large, max-video-preview:-1\" \/>\n<link rel=\"canonical\" href=\"https:\/\/www.mydistrigo.be\/fr\/nos-produits\/notre-assortiment\/\" \/>\n<meta property=\"og:locale\" content=\"fr_FR\" \/>\n<meta property=\"og:type\" content=\"article\" \/>\n<meta property=\"og:title\" content=\"Pi\u00e8ces d\u00e9tach\u00e9es multimarques pour tous v\u00e9hicules - MyDistrigo\" \/>\n<meta property=\"og:description\" content=\"Bougies, courroies de distribution, disques de frein\u2026 DISTRIGO fournit des pi\u00e8ces d\u00e9tach\u00e9es toutes marques pour garagistes et r\u00e9parateurs professionnels.\" \/>\n<meta property=\"og:url\" content=\"https:\/\/www.mydistrigo.be\/fr\/nos-produits\/notre-assortiment\/\" \/>\n<meta property=\"og:site_name\" content=\"MyDistrigo\" \/>\n<meta property=\"article:modified_time\" content=\"2025-11-12T14:24:52+00:00\" \/>\n<meta property=\"og:image\" content=\"https:\/\/www.mydistrigo.be\/wp-content\/uploads\/2025\/11\/Default.jpg\" \/>\n\t<meta property=\"og:image:width\" content=\"1920\" \/>\n\t<meta property=\"og:image:height\" content=\"871\" \/>\n\t<meta property=\"og:image:type\" content=\"image\/jpeg\" \/>\n<meta name=\"twitter:card\" content=\"summary_large_image\" \/>\n<meta name=\"twitter:label1\" content=\"Dur\u00e9e de lecture estim\u00e9e\" \/>\n\t<meta name=\"twitter:data1\" content=\"1 minute\" \/>\n<script type=\"application\/ld+json\" class=\"yoast-schema-graph\">{\"@context\":\"https:\\\/\\\/schema.org\",\"@graph\":[{\"@type\":\"WebPage\",\"@id\":\"https:\\\/\\\/www.mydistrigo.be\\\/fr\\\/nos-produits\\\/notre-assortiment\\\/\",\"url\":\"https:\\\/\\\/www.mydistrigo.be\\\/fr\\\/nos-produits\\\/notre-assortiment\\\/\",\"name\":\"Pi\u00e8ces d\u00e9tach\u00e9es multimarques pour tous v\u00e9hicules - MyDistrigo\",\"isPartOf\":{\"@id\":\"https:\\\/\\\/www.mydistrigo.be\\\/fr\\\/#website\"},\"primaryImageOfPage\":{\"@id\":\"https:\\\/\\\/www.mydistrigo.be\\\/fr\\\/nos-produits\\\/notre-assortiment\\\/#primaryimage\"},\"image\":{\"@id\":\"https:\\\/\\\/www.mydistrigo.be\\\/fr\\\/nos-produits\\\/notre-assortiment\\\/#primaryimage\"},\"thumbnailUrl\":\"https:\\\/\\\/www.mydistrigo.be\\\/wp-content\\\/uploads\\\/2025\\\/11\\\/Default.jpg\",\"datePublished\":\"2025-10-29T09:19:39+00:00\",\"dateModified\":\"2025-11-12T14:24:52+00:00\",\"description\":\"Bougies, courroies de distribution, disques de frein\u2026 DISTRIGO fournit des pi\u00e8ces d\u00e9tach\u00e9es toutes marques pour garagistes et r\u00e9parateurs professionnels.\",\"breadcrumb\":{\"@id\":\"https:\\\/\\\/www.mydistrigo.be\\\/fr\\\/nos-produits\\\/notre-assortiment\\\/#breadcrumb\"},\"inLanguage\":\"fr-FR\",\"potentialAction\":[{\"@type\":\"ReadAction\",\"target\":[\"https:\\\/\\\/www.mydistrigo.be\\\/fr\\\/nos-produits\\\/notre-assortiment\\\/\"]}]},{\"@type\":\"ImageObject\",\"inLanguage\":\"fr-FR\",\"@id\":\"https:\\\/\\\/www.mydistrigo.be\\\/fr\\\/nos-produits\\\/notre-assortiment\\\/#primaryimage\",\"url\":\"https:\\\/\\\/www.mydistrigo.be\\\/wp-content\\\/uploads\\\/2025\\\/11\\\/Default.jpg\",\"contentUrl\":\"https:\\\/\\\/www.mydistrigo.be\\\/wp-content\\\/uploads\\\/2025\\\/11\\\/Default.jpg\",\"width\":1920,\"height\":871},{\"@type\":\"BreadcrumbList\",\"@id\":\"https:\\\/\\\/www.mydistrigo.be\\\/fr\\\/nos-produits\\\/notre-assortiment\\\/#breadcrumb\",\"itemListElement\":[{\"@type\":\"ListItem\",\"position\":1,\"name\":\"Home\",\"item\":\"https:\\\/\\\/www.mydistrigo.be\\\/fr\\\/\"},{\"@type\":\"ListItem\",\"position\":2,\"name\":\"Nos produits\",\"item\":\"https:\\\/\\\/www.mydistrigo.be\\\/fr\\\/nos-produits\\\/\"},{\"@type\":\"ListItem\",\"position\":3,\"name\":\"Notre assortiment\"}]},{\"@type\":\"WebSite\",\"@id\":\"https:\\\/\\\/www.mydistrigo.be\\\/fr\\\/#website\",\"url\":\"https:\\\/\\\/www.mydistrigo.be\\\/fr\\\/\",\"name\":\"MyDistrigo\",\"description\":\"DISTRIGO vous offre bien plus que des pi\u00e8ces de rechange.  Nous vous proposons un soutien quotidien et des solutions sur mesure pour r\u00e9pondre \u00e0 tous vos besoins, voire les anticiper. Nous souhaitons faire de vos objectifs NOS objectifs, et travailler en v\u00e9ritables co\u00e9quipiers pour avancer ensemble, dans la m\u00eame direction\",\"publisher\":{\"@id\":\"https:\\\/\\\/www.mydistrigo.be\\\/fr\\\/#organization\"},\"potentialAction\":[{\"@type\":\"SearchAction\",\"target\":{\"@type\":\"EntryPoint\",\"urlTemplate\":\"https:\\\/\\\/www.mydistrigo.be\\\/fr\\\/?s={search_term_string}\"},\"query-input\":{\"@type\":\"PropertyValueSpecification\",\"valueRequired\":true,\"valueName\":\"search_term_string\"}}],\"inLanguage\":\"fr-FR\"},{\"@type\":\"Organization\",\"@id\":\"https:\\\/\\\/www.mydistrigo.be\\\/fr\\\/#organization\",\"name\":\"PSA- Distrigo\",\"url\":\"https:\\\/\\\/www.mydistrigo.be\\\/fr\\\/\",\"logo\":{\"@type\":\"ImageObject\",\"inLanguage\":\"fr-FR\",\"@id\":\"https:\\\/\\\/www.mydistrigo.be\\\/fr\\\/#\\\/schema\\\/logo\\\/image\\\/\",\"url\":\"https:\\\/\\\/www.mydistrigo.be\\\/wp-content\\\/uploads\\\/2023\\\/06\\\/logo-noir.png\",\"contentUrl\":\"https:\\\/\\\/www.mydistrigo.be\\\/wp-content\\\/uploads\\\/2023\\\/06\\\/logo-noir.png\",\"width\":314,\"height\":90,\"caption\":\"PSA- Distrigo\"},\"image\":{\"@id\":\"https:\\\/\\\/www.mydistrigo.be\\\/fr\\\/#\\\/schema\\\/logo\\\/image\\\/\"},\"sameAs\":[\"https:\\\/\\\/www.linkedin.com\\\/company\\\/distrigo-belux\\\/about\\\/\"]}]}<\/script>\n<!-- \/ Yoast SEO plugin. -->","yoast_head_json":{"title":"Pi\u00e8ces d\u00e9tach\u00e9es multimarques pour tous v\u00e9hicules - MyDistrigo","description":"Bougies, courroies de distribution, disques de frein\u2026 DISTRIGO fournit des pi\u00e8ces d\u00e9tach\u00e9es toutes marques pour garagistes et r\u00e9parateurs professionnels.","robots":{"index":"index","follow":"follow","max-snippet":"max-snippet:-1","max-image-preview":"max-image-preview:large","max-video-preview":"max-video-preview:-1"},"canonical":"https:\/\/www.mydistrigo.be\/fr\/nos-produits\/notre-assortiment\/","og_locale":"fr_FR","og_type":"article","og_title":"Pi\u00e8ces d\u00e9tach\u00e9es multimarques pour tous v\u00e9hicules - MyDistrigo","og_description":"Bougies, courroies de distribution, disques de frein\u2026 DISTRIGO fournit des pi\u00e8ces d\u00e9tach\u00e9es toutes marques pour garagistes et r\u00e9parateurs professionnels.","og_url":"https:\/\/www.mydistrigo.be\/fr\/nos-produits\/notre-assortiment\/","og_site_name":"MyDistrigo","article_modified_time":"2025-11-12T14:24:52+00:00","og_image":[{"width":1920,"height":871,"url":"https:\/\/www.mydistrigo.be\/wp-content\/uploads\/2025\/11\/Default.jpg","type":"image\/jpeg"}],"twitter_card":"summary_large_image","twitter_misc":{"Dur\u00e9e de lecture estim\u00e9e":"1 minute"},"schema":{"@context":"https:\/\/schema.org","@graph":[{"@type":"WebPage","@id":"https:\/\/www.mydistrigo.be\/fr\/nos-produits\/notre-assortiment\/","url":"https:\/\/www.mydistrigo.be\/fr\/nos-produits\/notre-assortiment\/","name":"Pi\u00e8ces d\u00e9tach\u00e9es multimarques pour tous v\u00e9hicules - MyDistrigo","isPartOf":{"@id":"https:\/\/www.mydistrigo.be\/fr\/#website"},"primaryImageOfPage":{"@id":"https:\/\/www.mydistrigo.be\/fr\/nos-produits\/notre-assortiment\/#primaryimage"},"image":{"@id":"https:\/\/www.mydistrigo.be\/fr\/nos-produits\/notre-assortiment\/#primaryimage"},"thumbnailUrl":"https:\/\/www.mydistrigo.be\/wp-content\/uploads\/2025\/11\/Default.jpg","datePublished":"2025-10-29T09:19:39+00:00","dateModified":"2025-11-12T14:24:52+00:00","description":"Bougies, courroies de distribution, disques de frein\u2026 DISTRIGO fournit des pi\u00e8ces d\u00e9tach\u00e9es toutes marques pour garagistes et r\u00e9parateurs professionnels.","breadcrumb":{"@id":"https:\/\/www.mydistrigo.be\/fr\/nos-produits\/notre-assortiment\/#breadcrumb"},"inLanguage":"fr-FR","potentialAction":[{"@type":"ReadAction","target":["https:\/\/www.mydistrigo.be\/fr\/nos-produits\/notre-assortiment\/"]}]},{"@type":"ImageObject","inLanguage":"fr-FR","@id":"https:\/\/www.mydistrigo.be\/fr\/nos-produits\/notre-assortiment\/#primaryimage","url":"https:\/\/www.mydistrigo.be\/wp-content\/uploads\/2025\/11\/Default.jpg","contentUrl":"https:\/\/www.mydistrigo.be\/wp-content\/uploads\/2025\/11\/Default.jpg","width":1920,"height":871},{"@type":"BreadcrumbList","@id":"https:\/\/www.mydistrigo.be\/fr\/nos-produits\/notre-assortiment\/#breadcrumb","itemListElement":[{"@type":"ListItem","position":1,"name":"Home","item":"https:\/\/www.mydistrigo.be\/fr\/"},{"@type":"ListItem","position":2,"name":"Nos produits","item":"https:\/\/www.mydistrigo.be\/fr\/nos-produits\/"},{"@type":"ListItem","position":3,"name":"Notre assortiment"}]},{"@type":"WebSite","@id":"https:\/\/www.mydistrigo.be\/fr\/#website","url":"https:\/\/www.mydistrigo.be\/fr\/","name":"MyDistrigo","description":"DISTRIGO vous offre bien plus que des pi\u00e8ces de rechange.  Nous vous proposons un soutien quotidien et des solutions sur mesure pour r\u00e9pondre \u00e0 tous vos besoins, voire les anticiper. Nous souhaitons faire de vos objectifs NOS objectifs, et travailler en v\u00e9ritables co\u00e9quipiers pour avancer ensemble, dans la m\u00eame direction","publisher":{"@id":"https:\/\/www.mydistrigo.be\/fr\/#organization"},"potentialAction":[{"@type":"SearchAction","target":{"@type":"EntryPoint","urlTemplate":"https:\/\/www.mydistrigo.be\/fr\/?s={search_term_string}"},"query-input":{"@type":"PropertyValueSpecification","valueRequired":true,"valueName":"search_term_string"}}],"inLanguage":"fr-FR"},{"@type":"Organization","@id":"https:\/\/www.mydistrigo.be\/fr\/#organization","name":"PSA- Distrigo","url":"https:\/\/www.mydistrigo.be\/fr\/","logo":{"@type":"ImageObject","inLanguage":"fr-FR","@id":"https:\/\/www.mydistrigo.be\/fr\/#\/schema\/logo\/image\/","url":"https:\/\/www.mydistrigo.be\/wp-content\/uploads\/2023\/06\/logo-noir.png","contentUrl":"https:\/\/www.mydistrigo.be\/wp-content\/uploads\/2023\/06\/logo-noir.png","width":314,"height":90,"caption":"PSA- Distrigo"},"image":{"@id":"https:\/\/www.mydistrigo.be\/fr\/#\/schema\/logo\/image\/"},"sameAs":["https:\/\/www.linkedin.com\/company\/distrigo-belux\/about\/"]}]}},"_links":{"self":[{"href":"https:\/\/www.mydistrigo.be\/fr\/wp-json\/wp\/v2\/pages\/1585","targetHints":{"allow":["GET"]}}],"collection":[{"href":"https:\/\/www.mydistrigo.be\/fr\/wp-json\/wp\/v2\/pages"}],"about":[{"href":"https:\/\/www.mydistrigo.be\/fr\/wp-json\/wp\/v2\/types\/page"}],"author":[{"embeddable":true,"href":"https:\/\/www.mydistrigo.be\/fr\/wp-json\/wp\/v2\/users\/1"}],"replies":[{"embeddable":true,"href":"https:\/\/www.mydistrigo.be\/fr\/wp-json\/wp\/v2\/comments?post=1585"}],"version-history":[{"count":2,"href":"https:\/\/www.mydistrigo.be\/fr\/wp-json\/wp\/v2\/pages\/1585\/revisions"}],"predecessor-version":[{"id":1677,"href":"https:\/\/www.mydistrigo.be\/fr\/wp-json\/wp\/v2\/pages\/1585\/revisions\/1677"}],"up":[{"embeddable":true,"href":"https:\/\/www.mydistrigo.be\/fr\/wp-json\/wp\/v2\/pages\/1673"}],"wp:featuredmedia":[{"embeddable":true,"href":"https:\/\/www.mydistrigo.be\/fr\/wp-json\/wp\/v2\/media\/1660"}],"wp:attachment":[{"href":"https:\/\/www.mydistrigo.be\/fr\/wp-json\/wp\/v2\/media?parent=1585"}],"curies":[{"name":"wp","href":"https:\/\/api.w.org\/{rel}","templated":true}]}}