{"id":1404,"date":"2025-07-31T08:38:11","date_gmt":"2025-07-31T08:38:11","guid":{"rendered":"https:\/\/www.mydistrigo.be\/?page_id=1404"},"modified":"2025-09-26T07:37:41","modified_gmt":"2025-09-26T07:37:41","slug":"sustainera","status":"publish","type":"page","link":"https:\/\/www.mydistrigo.be\/fr\/nos-gammes\/sustainera\/","title":{"rendered":"Sustainera"},"content":{"rendered":"","protected":false},"excerpt":{"rendered":"","protected":false},"author":1,"featured_media":0,"parent":203,"menu_order":0,"comment_status":"closed","ping_status":"closed","template":"tpl-page-sustainera.php","meta":{"_acf_changed":false,"footnotes":""},"class_list":["post-1404","page","type-page","status-publish","hentry"],"acf":[],"yoast_head":"<!-- This site is optimized with the Yoast SEO plugin v27.3 - https:\/\/yoast.com\/product\/yoast-seo-wordpress\/ -->\n<title>Sustainera - MyDistrigo<\/title>\n<meta name=\"robots\" content=\"index, follow, max-snippet:-1, max-image-preview:large, max-video-preview:-1\" \/>\n<link rel=\"canonical\" href=\"https:\/\/www.mydistrigo.be\/fr\/nos-gammes\/sustainera\/\" \/>\n<meta property=\"og:locale\" content=\"fr_FR\" \/>\n<meta property=\"og:type\" content=\"article\" \/>\n<meta property=\"og:title\" content=\"Sustainera - MyDistrigo\" \/>\n<meta property=\"og:url\" content=\"https:\/\/www.mydistrigo.be\/fr\/nos-gammes\/sustainera\/\" \/>\n<meta property=\"og:site_name\" content=\"MyDistrigo\" \/>\n<meta property=\"article:modified_time\" content=\"2025-09-26T07:37:41+00:00\" \/>\n<meta name=\"twitter:card\" content=\"summary_large_image\" \/>\n<script type=\"application\/ld+json\" class=\"yoast-schema-graph\">{\"@context\":\"https:\\\/\\\/schema.org\",\"@graph\":[{\"@type\":\"WebPage\",\"@id\":\"https:\\\/\\\/www.mydistrigo.be\\\/fr\\\/nos-gammes\\\/sustainera\\\/\",\"url\":\"https:\\\/\\\/www.mydistrigo.be\\\/fr\\\/nos-gammes\\\/sustainera\\\/\",\"name\":\"Sustainera - MyDistrigo\",\"isPartOf\":{\"@id\":\"https:\\\/\\\/www.mydistrigo.be\\\/fr\\\/#website\"},\"datePublished\":\"2025-07-31T08:38:11+00:00\",\"dateModified\":\"2025-09-26T07:37:41+00:00\",\"breadcrumb\":{\"@id\":\"https:\\\/\\\/www.mydistrigo.be\\\/fr\\\/nos-gammes\\\/sustainera\\\/#breadcrumb\"},\"inLanguage\":\"fr-FR\",\"potentialAction\":[{\"@type\":\"ReadAction\",\"target\":[\"https:\\\/\\\/www.mydistrigo.be\\\/fr\\\/nos-gammes\\\/sustainera\\\/\"]}]},{\"@type\":\"BreadcrumbList\",\"@id\":\"https:\\\/\\\/www.mydistrigo.be\\\/fr\\\/nos-gammes\\\/sustainera\\\/#breadcrumb\",\"itemListElement\":[{\"@type\":\"ListItem\",\"position\":1,\"name\":\"Home\",\"item\":\"https:\\\/\\\/www.mydistrigo.be\\\/fr\\\/\"},{\"@type\":\"ListItem\",\"position\":2,\"name\":\"Nos gammes\",\"item\":\"https:\\\/\\\/www.mydistrigo.be\\\/fr\\\/nos-gammes\\\/\"},{\"@type\":\"ListItem\",\"position\":3,\"name\":\"Sustainera\"}]},{\"@type\":\"WebSite\",\"@id\":\"https:\\\/\\\/www.mydistrigo.be\\\/fr\\\/#website\",\"url\":\"https:\\\/\\\/www.mydistrigo.be\\\/fr\\\/\",\"name\":\"MyDistrigo\",\"description\":\"DISTRIGO vous offre bien plus que des pi\u00e8ces de rechange.  Nous vous proposons un soutien quotidien et des solutions sur mesure pour r\u00e9pondre \u00e0 tous vos besoins, voire les anticiper. Nous souhaitons faire de vos objectifs NOS objectifs, et travailler en v\u00e9ritables co\u00e9quipiers pour avancer ensemble, dans la m\u00eame direction\",\"publisher\":{\"@id\":\"https:\\\/\\\/www.mydistrigo.be\\\/fr\\\/#organization\"},\"potentialAction\":[{\"@type\":\"SearchAction\",\"target\":{\"@type\":\"EntryPoint\",\"urlTemplate\":\"https:\\\/\\\/www.mydistrigo.be\\\/fr\\\/?s={search_term_string}\"},\"query-input\":{\"@type\":\"PropertyValueSpecification\",\"valueRequired\":true,\"valueName\":\"search_term_string\"}}],\"inLanguage\":\"fr-FR\"},{\"@type\":\"Organization\",\"@id\":\"https:\\\/\\\/www.mydistrigo.be\\\/fr\\\/#organization\",\"name\":\"PSA- Distrigo\",\"url\":\"https:\\\/\\\/www.mydistrigo.be\\\/fr\\\/\",\"logo\":{\"@type\":\"ImageObject\",\"inLanguage\":\"fr-FR\",\"@id\":\"https:\\\/\\\/www.mydistrigo.be\\\/fr\\\/#\\\/schema\\\/logo\\\/image\\\/\",\"url\":\"https:\\\/\\\/www.mydistrigo.be\\\/wp-content\\\/uploads\\\/2023\\\/06\\\/logo-noir.png\",\"contentUrl\":\"https:\\\/\\\/www.mydistrigo.be\\\/wp-content\\\/uploads\\\/2023\\\/06\\\/logo-noir.png\",\"width\":314,\"height\":90,\"caption\":\"PSA- Distrigo\"},\"image\":{\"@id\":\"https:\\\/\\\/www.mydistrigo.be\\\/fr\\\/#\\\/schema\\\/logo\\\/image\\\/\"},\"sameAs\":[\"https:\\\/\\\/www.linkedin.com\\\/company\\\/distrigo-belux\\\/about\\\/\"]}]}<\/script>\n<!-- \/ Yoast SEO plugin. -->","yoast_head_json":{"title":"Sustainera - MyDistrigo","robots":{"index":"index","follow":"follow","max-snippet":"max-snippet:-1","max-image-preview":"max-image-preview:large","max-video-preview":"max-video-preview:-1"},"canonical":"https:\/\/www.mydistrigo.be\/fr\/nos-gammes\/sustainera\/","og_locale":"fr_FR","og_type":"article","og_title":"Sustainera - MyDistrigo","og_url":"https:\/\/www.mydistrigo.be\/fr\/nos-gammes\/sustainera\/","og_site_name":"MyDistrigo","article_modified_time":"2025-09-26T07:37:41+00:00","twitter_card":"summary_large_image","schema":{"@context":"https:\/\/schema.org","@graph":[{"@type":"WebPage","@id":"https:\/\/www.mydistrigo.be\/fr\/nos-gammes\/sustainera\/","url":"https:\/\/www.mydistrigo.be\/fr\/nos-gammes\/sustainera\/","name":"Sustainera - MyDistrigo","isPartOf":{"@id":"https:\/\/www.mydistrigo.be\/fr\/#website"},"datePublished":"2025-07-31T08:38:11+00:00","dateModified":"2025-09-26T07:37:41+00:00","breadcrumb":{"@id":"https:\/\/www.mydistrigo.be\/fr\/nos-gammes\/sustainera\/#breadcrumb"},"inLanguage":"fr-FR","potentialAction":[{"@type":"ReadAction","target":["https:\/\/www.mydistrigo.be\/fr\/nos-gammes\/sustainera\/"]}]},{"@type":"BreadcrumbList","@id":"https:\/\/www.mydistrigo.be\/fr\/nos-gammes\/sustainera\/#breadcrumb","itemListElement":[{"@type":"ListItem","position":1,"name":"Home","item":"https:\/\/www.mydistrigo.be\/fr\/"},{"@type":"ListItem","position":2,"name":"Nos gammes","item":"https:\/\/www.mydistrigo.be\/fr\/nos-gammes\/"},{"@type":"ListItem","position":3,"name":"Sustainera"}]},{"@type":"WebSite","@id":"https:\/\/www.mydistrigo.be\/fr\/#website","url":"https:\/\/www.mydistrigo.be\/fr\/","name":"MyDistrigo","description":"DISTRIGO vous offre bien plus que des pi\u00e8ces de rechange.  Nous vous proposons un soutien quotidien et des solutions sur mesure pour r\u00e9pondre \u00e0 tous vos besoins, voire les anticiper. Nous souhaitons faire de vos objectifs NOS objectifs, et travailler en v\u00e9ritables co\u00e9quipiers pour avancer ensemble, dans la m\u00eame direction","publisher":{"@id":"https:\/\/www.mydistrigo.be\/fr\/#organization"},"potentialAction":[{"@type":"SearchAction","target":{"@type":"EntryPoint","urlTemplate":"https:\/\/www.mydistrigo.be\/fr\/?s={search_term_string}"},"query-input":{"@type":"PropertyValueSpecification","valueRequired":true,"valueName":"search_term_string"}}],"inLanguage":"fr-FR"},{"@type":"Organization","@id":"https:\/\/www.mydistrigo.be\/fr\/#organization","name":"PSA- Distrigo","url":"https:\/\/www.mydistrigo.be\/fr\/","logo":{"@type":"ImageObject","inLanguage":"fr-FR","@id":"https:\/\/www.mydistrigo.be\/fr\/#\/schema\/logo\/image\/","url":"https:\/\/www.mydistrigo.be\/wp-content\/uploads\/2023\/06\/logo-noir.png","contentUrl":"https:\/\/www.mydistrigo.be\/wp-content\/uploads\/2023\/06\/logo-noir.png","width":314,"height":90,"caption":"PSA- Distrigo"},"image":{"@id":"https:\/\/www.mydistrigo.be\/fr\/#\/schema\/logo\/image\/"},"sameAs":["https:\/\/www.linkedin.com\/company\/distrigo-belux\/about\/"]}]}},"_links":{"self":[{"href":"https:\/\/www.mydistrigo.be\/fr\/wp-json\/wp\/v2\/pages\/1404","targetHints":{"allow":["GET"]}}],"collection":[{"href":"https:\/\/www.mydistrigo.be\/fr\/wp-json\/wp\/v2\/pages"}],"about":[{"href":"https:\/\/www.mydistrigo.be\/fr\/wp-json\/wp\/v2\/types\/page"}],"author":[{"embeddable":true,"href":"https:\/\/www.mydistrigo.be\/fr\/wp-json\/wp\/v2\/users\/1"}],"replies":[{"embeddable":true,"href":"https:\/\/www.mydistrigo.be\/fr\/wp-json\/wp\/v2\/comments?post=1404"}],"version-history":[{"count":1,"href":"https:\/\/www.mydistrigo.be\/fr\/wp-json\/wp\/v2\/pages\/1404\/revisions"}],"predecessor-version":[{"id":1405,"href":"https:\/\/www.mydistrigo.be\/fr\/wp-json\/wp\/v2\/pages\/1404\/revisions\/1405"}],"up":[{"embeddable":true,"href":"https:\/\/www.mydistrigo.be\/fr\/wp-json\/wp\/v2\/pages\/203"}],"wp:attachment":[{"href":"https:\/\/www.mydistrigo.be\/fr\/wp-json\/wp\/v2\/media?parent=1404"}],"curies":[{"name":"wp","href":"https:\/\/api.w.org\/{rel}","templated":true}]}}